{"id":3,"date":"2025-08-29T21:59:40","date_gmt":"2025-08-29T19:59:40","guid":{"rendered":"https:\/\/stamprech.de\/?page_id=3"},"modified":"2025-09-03T22:45:34","modified_gmt":"2025-09-03T20:45:34","slug":"datenschutzerklaerung","status":"publish","type":"page","link":"http:\/\/stamprech.de\/?page_id=3","title":{"rendered":"Datenschutzerkl\u00e4rung"},"content":{"rendered":"\t\t<div data-elementor-type=\"wp-page\" data-elementor-id=\"3\" class=\"elementor elementor-3\">\n\t\t\t\t<div class=\"elementor-element elementor-element-7f1618f8 e-flex e-con-boxed qodef-elementor-content-no e-con e-parent\" data-id=\"7f1618f8\" data-element_type=\"container\">\n\t\t\t\t\t<div class=\"e-con-inner\">\n\t\t\t\t<div class=\"elementor-element elementor-element-563b9163 elementor-widget elementor-widget-text-editor\" data-id=\"563b9163\" data-element_type=\"widget\" data-widget_type=\"text-editor.default\">\n\t\t\t\t\t\t\t\t\t<h4>IMPRESSUM<\/h4>\n<p><strong>CAROLINE STAMPRECH<br \/><\/strong>Veerst\u00fccken 2<br \/>22297 Hamburg<\/p>\n<p><strong>KONTAKT<br \/>Tel.:<\/strong> +49 (0)177 761 50 81<br \/><strong>E-Mail:<\/strong> caroline@stamprech.de<br \/><br \/><\/p>\n<p data-start=\"363\" data-end=\"428\"><strong data-start=\"363\" data-end=\"383\">Umsatzsteuer-ID:<\/strong><br data-start=\"383\" data-end=\"386\" \/>USt-IdNr.: DE278261074<\/p>\n<h4>\u00a0<\/h4>\n<h4>DATENSCHUTZERKL\u00c4RUNG<\/h4>\n<p>Sollten Inhalte, egal welcher Art dieses Online-Auftritts Rechte Dritter oder gesetzliche Bestimmungen verletzen bzw. anderweitig wettbewerbsrechtliche Probleme hervorbringen, bitten wir unter Berufung auf \u00a7 8 Abs. 4 UWG um eine erl\u00e4uternde Benachrichtigung ohne Kostenberechnung.<\/p>\n<p>Die vielleicht zu Recht beanstandeten Passagen, Texte oder Teile der betreffenden Webseiten werden in k\u00fcrzester Frist den rechtlichen Vorgaben angepasst, ohne dass die Einschaltung eines Rechtsbeistandes erforderlich ist.<\/p>\n<p>Die sofortige Einschaltung eines Anwaltes mit kostenpflichtiger Abmahnung entspricht weder dem tats\u00e4chlichem oder dem mutma\u00dflichen Willen des Anbieters und w\u00fcrde damit einen Versto\u00df gegen \u00a7 13 Abs. 5 UWG wegen der Verfolgung sachfremder Ziele als beherrschendes Motiv der Verfahrenseinleitung, insbesondere einer Kostenerzielungsabsicht als eigentliche Triebfeder sowie einen Versto\u00df gegen die Schadenminderungspflicht darstellen.<\/p>\n<p>Inhaltlich Verantwortlicher gem\u00e4\u00df \u00a710 Absatz 3 MDStV: Caroline Stamprech, Veerst\u00fccken 2, 22297 Hamburg<\/p>\n<p>Die unter www.stamprech.de gezeigten Arbeitsbeispiele sind nicht zur Vervielf\u00e4ltigung bestimmt und dienen ausschlie\u00dflich Informationszwecken. Das Copyright liegt bei den jeweiligen Agenturen bzw. Auftraggebern.<\/p>\n<h4>HAFTUNGSAUSSCHUSS<\/h4>\n<p><strong>Haftung f\u00fcr Inhalte<\/strong><br \/>Die Inhalte unserer Seiten wurden mit gr\u00f6\u00dfter Sorgfalt erstellt. F\u00fcr die Richtigkeit, Vollst\u00e4ndigkeit und Aktualit\u00e4t der Inhalte k\u00f6nnen wir jedoch keine Gew\u00e4hr \u00fcbernehmen. Als Diensteanbieter sind wir gem\u00e4\u00df \u00a7 7 Abs.1 TMG f\u00fcr eigene Inhalte auf diesen Seiten nach den allgemeinen Gesetzen verantwortlich. Nach \u00a7\u00a7 8 bis 10 TMG sind wir als Diensteanbieter jedoch nicht verpflichtet, \u00fcbermittelte oder gespeicherte fremde Informationen zu \u00fcberwachen oder nach Umst\u00e4nden zu forschen, die auf eine rechtswidrige T\u00e4tigkeit hinweisen. Verpflichtungen zur Entfernung oder Sperrung der Nutzung von Informationen nach den allgemeinen Gesetzen bleiben hiervon unber\u00fchrt. Eine diesbez\u00fcgliche Haftung ist jedoch erst ab dem Zeitpunkt der Kenntnis einer konkreten Rechtsverletzung m\u00f6glich. Bei Bekanntwerden von entsprechenden Rechtsverletzungen werden wir diese Inhalte umgehend entfernen.<\/p>\n<p><strong>Haftung f\u00fcr Links<\/strong><br \/>Unser Angebot enth\u00e4lt Links zu externen Webseiten Dritter, auf deren Inhalte wir keinen Einfluss haben. Deshalb k\u00f6nnen wir f\u00fcr diese fremden Inhalte auch keine Gew\u00e4hr \u00fcbernehmen. F\u00fcr die Inhalte der verlinkten Seiten ist stets der jeweilige Anbieter oder Betreiber der Seiten verantwortlich. Die verlinkten Seiten wurden zum Zeitpunkt der Verlinkung auf m\u00f6gliche Rechtsverst\u00f6\u00dfe \u00fcberpr\u00fcft. Rechtswidrige Inhalte waren zum Zeitpunkt der Verlinkung nicht erkennbar. Eine permanente inhaltliche Kontrolle der verlinkten Seiten ist jedoch ohne konkrete Anhaltspunkte einer Rechtsverletzung nicht zumutbar. Bei Bekanntwerden von Rechtsverletzungen werden wir derartige Links umgehend entfernen.<\/p>\t\t\t\t\t\t\t\t<\/div>\n\t\t\t\t\t<\/div>\n\t\t\t\t<\/div>\n\t\t\t\t<\/div>\n\t\t","protected":false},"excerpt":{"rendered":"<p>IMPRESSUM CAROLINE STAMPRECHVeerst\u00fccken 222297 Hamburg KONTAKTTel.: +49 (0)177 761 50 81E-Mail: caroline@stamprech.de Umsatzsteuer-ID:USt-IdNr.: DE278261074 \u00a0 DATENSCHUTZERKL\u00c4RUNG Sollten Inhalte, egal welcher Art dieses Online-Auftritts Rechte Dritter oder gesetzliche Bestimmungen verletzen bzw. anderweitig wettbewerbsrechtliche Probleme hervorbringen, bitten wir unter Berufung auf \u00a7 8 Abs. 4 UWG um eine erl\u00e4uternde Benachrichtigung ohne Kostenberechnung. Die vielleicht zu Recht beanstandeten [&hellip;]<\/p>\n","protected":false},"author":1,"featured_media":0,"parent":0,"menu_order":0,"comment_status":"closed","ping_status":"open","template":"","meta":{"footnotes":""},"class_list":["post-3","page","type-page","status-publish","hentry"],"_links":{"self":[{"href":"http:\/\/stamprech.de\/index.php?rest_route=\/wp\/v2\/pages\/3","targetHints":{"allow":["GET"]}}],"collection":[{"href":"http:\/\/stamprech.de\/index.php?rest_route=\/wp\/v2\/pages"}],"about":[{"href":"http:\/\/stamprech.de\/index.php?rest_route=\/wp\/v2\/types\/page"}],"author":[{"embeddable":true,"href":"http:\/\/stamprech.de\/index.php?rest_route=\/wp\/v2\/users\/1"}],"replies":[{"embeddable":true,"href":"http:\/\/stamprech.de\/index.php?rest_route=%2Fwp%2Fv2%2Fcomments&post=3"}],"version-history":[{"count":3,"href":"http:\/\/stamprech.de\/index.php?rest_route=\/wp\/v2\/pages\/3\/revisions"}],"predecessor-version":[{"id":172,"href":"http:\/\/stamprech.de\/index.php?rest_route=\/wp\/v2\/pages\/3\/revisions\/172"}],"wp:attachment":[{"href":"http:\/\/stamprech.de\/index.php?rest_route=%2Fwp%2Fv2%2Fmedia&parent=3"}],"curies":[{"name":"wp","href":"https:\/\/api.w.org\/{rel}","templated":true}]}}